{"id":70,"date":"2014-05-12T21:35:47","date_gmt":"2014-05-12T19:35:47","guid":{"rendered":"http:\/\/www.kleinformat.info\/neu\/?page_id=70"},"modified":"2014-10-16T14:36:03","modified_gmt":"2014-10-16T12:36:03","slug":"buttons","status":"publish","type":"page","link":"https:\/\/www.kleinformat.info\/?page_id=70","title":{"rendered":"BUTTONS"},"content":{"rendered":"<p><a href=\"http:\/\/www.kleinformat.info\/neu\/wp-content\/uploads\/2014\/10\/kleinformat_foto_buttons.jpg\"><img loading=\"lazy\" decoding=\"async\" class=\"alignleft  wp-image-348\" src=\"http:\/\/www.kleinformat.info\/neu\/wp-content\/uploads\/2014\/10\/kleinformat_foto_buttons.jpg\" alt=\"kleinformat_foto_buttons\" width=\"600\" height=\"400\" srcset=\"https:\/\/www.kleinformat.info\/neu\/wp-content\/uploads\/2014\/10\/kleinformat_foto_buttons.jpg 750w, https:\/\/www.kleinformat.info\/neu\/wp-content\/uploads\/2014\/10\/kleinformat_foto_buttons-300x200.jpg 300w, https:\/\/www.kleinformat.info\/neu\/wp-content\/uploads\/2014\/10\/kleinformat_foto_buttons-210x140.jpg 210w\" sizes=\"auto, (max-width: 600px) 100vw, 600px\" \/><\/a><\/p>\n<p>Die kleinformat-Motive sind auch als Buttons erh\u00e4ltlich. Die bunten Nadelbuttons geben Ihrer Jacke oder Tasche im Nu einen neuen Akzent. Die Magnetbuttons halten Ihre Notizen und Bilder am K\u00fchlschrank sicher. Und auch ohne Funktion sehen sie toll aus.<\/p>\n<p>Folgende Gr\u00f6\u00dfen sind verf\u00fcgbar:<\/p>\n<ul>\n<li><a title=\"Nadelbuttons \u00d8 2,5 cm\" href=\"http:\/\/www.kleinformat.info\/neu\/?page_id=47\">Nadelbuttons rund \u00f8 2,5 cm<\/a><\/li>\n<li><a title=\"Magnetbuttons 4,4 x 6,8 cm\" href=\"http:\/\/www.kleinformat.info\/neu\/?page_id=35\">Magnetbuttons rechteckig 4,4 x 6,8 cm<\/a><\/li>\n<li><a title=\"Magnetbuttons \u00d8 3,2 cm\" href=\"http:\/\/www.kleinformat.info\/neu\/?page_id=74\">Magnetbuttons rund \u00f8 3,2 cm<\/a><\/li>\n<\/ul>\n","protected":false},"excerpt":{"rendered":"<p>Die kleinformat-Motive sind auch als Buttons erh\u00e4ltlich. Die bunten Nadelbuttons geben Ihrer Jacke oder Tasche im Nu einen neuen Akzent. Die Magnetbuttons halten Ihre Notizen und Bilder am K\u00fchlschrank sicher. Und auch ohne Funktion sehen sie toll aus. Folgende Gr\u00f6\u00dfen &hellip; <a class=\"readmore\" href=\"https:\/\/www.kleinformat.info\/?page_id=70\">Weiterlesen &rarr;<\/a><\/p>\n","protected":false},"author":1,"featured_media":0,"parent":0,"menu_order":3,"comment_status":"closed","ping_status":"closed","template":"","meta":{"ngg_post_thumbnail":0,"footnotes":""},"class_list":["post-70","page","type-page","status-publish","hentry"],"_links":{"self":[{"href":"https:\/\/www.kleinformat.info\/index.php?rest_route=\/wp\/v2\/pages\/70","targetHints":{"allow":["GET"]}}],"collection":[{"href":"https:\/\/www.kleinformat.info\/index.php?rest_route=\/wp\/v2\/pages"}],"about":[{"href":"https:\/\/www.kleinformat.info\/index.php?rest_route=\/wp\/v2\/types\/page"}],"author":[{"embeddable":true,"href":"https:\/\/www.kleinformat.info\/index.php?rest_route=\/wp\/v2\/users\/1"}],"replies":[{"embeddable":true,"href":"https:\/\/www.kleinformat.info\/index.php?rest_route=%2Fwp%2Fv2%2Fcomments&post=70"}],"version-history":[{"count":4,"href":"https:\/\/www.kleinformat.info\/index.php?rest_route=\/wp\/v2\/pages\/70\/revisions"}],"predecessor-version":[{"id":352,"href":"https:\/\/www.kleinformat.info\/index.php?rest_route=\/wp\/v2\/pages\/70\/revisions\/352"}],"wp:attachment":[{"href":"https:\/\/www.kleinformat.info\/index.php?rest_route=%2Fwp%2Fv2%2Fmedia&parent=70"}],"curies":[{"name":"wp","href":"https:\/\/api.w.org\/{rel}","templated":true}]}}