{"id":7,"date":"2014-05-07T21:01:31","date_gmt":"2014-05-07T19:01:31","guid":{"rendered":"http:\/\/www.kleinformat.info\/neu\/?page_id=7"},"modified":"2025-10-29T18:54:07","modified_gmt":"2025-10-29T16:54:07","slug":"kalender","status":"publish","type":"page","link":"https:\/\/www.kleinformat.info\/?page_id=7","title":{"rendered":"KALENDER"},"content":{"rendered":"\n<figure class=\"wp-block-image size-large\"><a href=\"http:\/\/www.kleinformat.info\/neu\/wp-content\/uploads\/2025\/10\/kleinformat_kalender2026_titel.png\"><img loading=\"lazy\" decoding=\"async\" width=\"914\" height=\"1024\" src=\"http:\/\/www.kleinformat.info\/neu\/wp-content\/uploads\/2025\/10\/kleinformat_kalender2026_titel-914x1024.png\" alt=\"Deckblatt des Kleinformat-Kalenders\" class=\"wp-image-953\" srcset=\"https:\/\/www.kleinformat.info\/neu\/wp-content\/uploads\/2025\/10\/kleinformat_kalender2026_titel-914x1024.png 914w, https:\/\/www.kleinformat.info\/neu\/wp-content\/uploads\/2025\/10\/kleinformat_kalender2026_titel-268x300.png 268w, https:\/\/www.kleinformat.info\/neu\/wp-content\/uploads\/2025\/10\/kleinformat_kalender2026_titel-768x860.png 768w, https:\/\/www.kleinformat.info\/neu\/wp-content\/uploads\/2025\/10\/kleinformat_kalender2026_titel-187x210.png 187w, https:\/\/www.kleinformat.info\/neu\/wp-content\/uploads\/2025\/10\/kleinformat_kalender2026_titel.png 981w\" sizes=\"auto, (max-width: 914px) 100vw, 914px\" \/><\/a><\/figure>\n\n\n\n<p>Auch f\u00fcr 2026 gibt es wieder einen Kalender mit zw\u00f6lf stimmungsvollen neuen kleinformat-Motiven. Er kann <a href=\"http:\/\/www.kleinformat.info\/?page_id=124\">online bestellt<\/a> oder im <a href=\"http:\/\/www.kleinformat.info\/?page_id=124\">Laden auf der Kr\u00e4merbr\u00fccke<\/a> erworben werden.<\/p>\n\n\n\n<p>Gr\u00f6\u00dfe: 16 x 18 cm, Papier: 250 g, Bilderdruck matt, Offsetdruck, Spiralbindung mit Aufh\u00e4nger, limitierte Auflage: 300 Stk.<\/p>\n\n\n\n<p><strong>Preis: 16,00 Euro<\/strong> (zzgl. 3,00 Euro Verpackung und Versand)<\/p>\n\n\n\n<p><a href=\"http:\/\/www.kleinformat.info\/neu\/wp-content\/uploads\/2025\/10\/kleinformat_kalender2026_WEB.pdf\">\u00bb kleinformat-kalender 2026 ansehen (PDF, 0,3 MB]<\/a><br><a href=\"http:\/\/www.kleinformat.info\/neu\/?page_id=124\">\u00bb kleinformat-kalender 2026 bestellen \u2026<\/a><\/p>\n","protected":false},"excerpt":{"rendered":"<p>Auch f\u00fcr 2026 gibt es wieder einen Kalender mit zw\u00f6lf stimmungsvollen neuen kleinformat-Motiven. Er kann online bestellt oder im Laden auf der Kr\u00e4merbr\u00fccke erworben werden. Gr\u00f6\u00dfe: 16 x 18 cm, Papier: 250 g, Bilderdruck matt, Offsetdruck, Spiralbindung mit Aufh\u00e4nger, limitierte &hellip; <a class=\"readmore\" href=\"https:\/\/www.kleinformat.info\/?page_id=7\">Weiterlesen &rarr;<\/a><\/p>\n","protected":false},"author":1,"featured_media":0,"parent":0,"menu_order":4,"comment_status":"closed","ping_status":"closed","template":"","meta":{"ngg_post_thumbnail":0,"footnotes":""},"class_list":["post-7","page","type-page","status-publish","hentry"],"_links":{"self":[{"href":"https:\/\/www.kleinformat.info\/index.php?rest_route=\/wp\/v2\/pages\/7","targetHints":{"allow":["GET"]}}],"collection":[{"href":"https:\/\/www.kleinformat.info\/index.php?rest_route=\/wp\/v2\/pages"}],"about":[{"href":"https:\/\/www.kleinformat.info\/index.php?rest_route=\/wp\/v2\/types\/page"}],"author":[{"embeddable":true,"href":"https:\/\/www.kleinformat.info\/index.php?rest_route=\/wp\/v2\/users\/1"}],"replies":[{"embeddable":true,"href":"https:\/\/www.kleinformat.info\/index.php?rest_route=%2Fwp%2Fv2%2Fcomments&post=7"}],"version-history":[{"count":73,"href":"https:\/\/www.kleinformat.info\/index.php?rest_route=\/wp\/v2\/pages\/7\/revisions"}],"predecessor-version":[{"id":956,"href":"https:\/\/www.kleinformat.info\/index.php?rest_route=\/wp\/v2\/pages\/7\/revisions\/956"}],"wp:attachment":[{"href":"https:\/\/www.kleinformat.info\/index.php?rest_route=%2Fwp%2Fv2%2Fmedia&parent=7"}],"curies":[{"name":"wp","href":"https:\/\/api.w.org\/{rel}","templated":true}]}}