{"id":65,"date":"2014-05-12T21:24:50","date_gmt":"2014-05-12T19:24:50","guid":{"rendered":"http:\/\/www.kleinformat.info\/neu\/?page_id=65"},"modified":"2018-02-21T23:45:17","modified_gmt":"2018-02-21T21:45:17","slug":"kleinformat","status":"publish","type":"page","link":"https:\/\/www.kleinformat.info\/?page_id=65","title":{"rendered":"KLEINFORMAT"},"content":{"rendered":"<p style=\"margin-bottom: 0cm;\">kleinformat \u2013 das sind die Arbeiten von Beate Kister. Sie lebt und arbeitet als freie Malerin auf der <a href=\"http:\/\/de.wikipedia.org\/wiki\/Kr%C3%A4merbr%C3%BCcke\" target=\"_blank\" rel=\"noopener\">Kr\u00e4merbr\u00fccke<\/a> in Erfurt. Die Aquarellstifte sind ihr haupts\u00e4chliches Handwerkszeug, mit dem sie die Welt in ihren Farben und Formen zu Papier bringt. Und dabei gibt es immer etwas zu entdecken! Schauen Sie sich um \u2026<\/p>\n<p>Eine wunderbaren Einblick gibt der Film von <a href=\"http:\/\/www.kamera-art.com\" target=\"_blank\" rel=\"noopener\">Joachim K\u00f6hler<\/a>, der 2014 f\u00fcr die Th\u00fcringer Tourismus GmbH entstanden ist:<\/p>\n<p><iframe loading=\"lazy\" src=\"\/\/www.youtube.com\/embed\/r3ONWUu__x4\" width=\"599\" height=\"337\" frameborder=\"0\" allowfullscreen=\"allowfullscreen\"><\/iframe><\/p>\n<p>Auch in der Reportage &#8222;Ponte Vecchio in Erfurt&#8220; von Paul St\u00e4nner erfahren Sie vieles \u00fcber das Leben und Arbeiten auf der Kr\u00e4merbr\u00fccke &#8211; auch \u00fcber das von Beate Kister.<\/p>\n<p><a title=\"Ponte Veccio in Erfurt\" href=\"http:\/\/www.sueddeutsche.de\/reise\/kraemerbruecke-in-thueringens-hauptstadt-ponte-vecchio-in-erfurt-1.1376028\" target=\"_blank\" rel=\"noopener\">\u00bb Reportage auf Sueddeutsche.de lesen<\/a><\/p>\n","protected":false},"excerpt":{"rendered":"<p>kleinformat \u2013 das sind die Arbeiten von Beate Kister. Sie lebt und arbeitet als freie Malerin auf der Kr\u00e4merbr\u00fccke in Erfurt. Die Aquarellstifte sind ihr haupts\u00e4chliches Handwerkszeug, mit dem sie die Welt in ihren Farben und Formen zu Papier bringt. &hellip; <a class=\"readmore\" href=\"https:\/\/www.kleinformat.info\/?page_id=65\">Weiterlesen &rarr;<\/a><\/p>\n","protected":false},"author":1,"featured_media":0,"parent":0,"menu_order":1,"comment_status":"closed","ping_status":"closed","template":"","meta":{"ngg_post_thumbnail":0,"footnotes":""},"class_list":["post-65","page","type-page","status-publish","hentry"],"_links":{"self":[{"href":"https:\/\/www.kleinformat.info\/index.php?rest_route=\/wp\/v2\/pages\/65","targetHints":{"allow":["GET"]}}],"collection":[{"href":"https:\/\/www.kleinformat.info\/index.php?rest_route=\/wp\/v2\/pages"}],"about":[{"href":"https:\/\/www.kleinformat.info\/index.php?rest_route=\/wp\/v2\/types\/page"}],"author":[{"embeddable":true,"href":"https:\/\/www.kleinformat.info\/index.php?rest_route=\/wp\/v2\/users\/1"}],"replies":[{"embeddable":true,"href":"https:\/\/www.kleinformat.info\/index.php?rest_route=%2Fwp%2Fv2%2Fcomments&post=65"}],"version-history":[{"count":16,"href":"https:\/\/www.kleinformat.info\/index.php?rest_route=\/wp\/v2\/pages\/65\/revisions"}],"predecessor-version":[{"id":664,"href":"https:\/\/www.kleinformat.info\/index.php?rest_route=\/wp\/v2\/pages\/65\/revisions\/664"}],"wp:attachment":[{"href":"https:\/\/www.kleinformat.info\/index.php?rest_route=%2Fwp%2Fv2%2Fmedia&parent=65"}],"curies":[{"name":"wp","href":"https:\/\/api.w.org\/{rel}","templated":true}]}}