{"id":62,"date":"2014-05-12T21:24:18","date_gmt":"2014-05-12T19:24:18","guid":{"rendered":"http:\/\/www.kleinformat.info\/neu\/?page_id=62"},"modified":"2014-10-17T16:02:37","modified_gmt":"2014-10-17T14:02:37","slug":"motive-produkte","status":"publish","type":"page","link":"https:\/\/www.kleinformat.info\/?page_id=62","title":{"rendered":"DRUCKE"},"content":{"rendered":"<p><a href=\"http:\/\/www.kleinformat.info\/neu\/wp-content\/uploads\/2014\/10\/kleinformat_foto_bilder.jpg\"><img loading=\"lazy\" decoding=\"async\" class=\"alignleft  wp-image-347\" src=\"http:\/\/www.kleinformat.info\/neu\/wp-content\/uploads\/2014\/10\/kleinformat_foto_bilder.jpg\" alt=\"kleinformat_foto_bilder\" width=\"600\" height=\"400\" srcset=\"https:\/\/www.kleinformat.info\/neu\/wp-content\/uploads\/2014\/10\/kleinformat_foto_bilder.jpg 750w, https:\/\/www.kleinformat.info\/neu\/wp-content\/uploads\/2014\/10\/kleinformat_foto_bilder-300x200.jpg 300w, https:\/\/www.kleinformat.info\/neu\/wp-content\/uploads\/2014\/10\/kleinformat_foto_bilder-210x140.jpg 210w\" sizes=\"auto, (max-width: 600px) 100vw, 600px\" \/><\/a><\/p>\n<p>&nbsp;<\/p>\n<p>Die kleinformat-Motive sind in verschiedenen Gr\u00f6\u00dfen als Kunstdrucke mit oder ohne Rahmen erh\u00e4ltlich. Sie werden in der traditionsreichen Erfurter <a href=\"http:\/\/www.wittnebert.de\/\" target=\"_blank\">Druckerei Wittnebert<\/a> im Offsetdruckverfahren hergestellt.<\/p>\n<p>Folgende Motivgr\u00f6\u00dfen sind erh\u00e4ltlich:<\/p>\n<ul>\n<li><a title=\"Drucke 9 x 13 cm\" href=\"http:\/\/www.kleinformat.info\/neu\/?page_id=53\">Drucke 9 x 13 cm<\/a><\/li>\n<li><a title=\"Drucke 10 x 15 cm\" href=\"http:\/\/www.kleinformat.info\/neu\/?page_id=50\">Drucke 10 x 15 cm<\/a><\/li>\n<li><a title=\"Maxidrucke 27,4 x 20 cm\" href=\"http:\/\/www.kleinformat.info\/neu\/?page_id=59\">Maxidrucke 27,4 x 20 cm<\/a><\/li>\n<li><a title=\"Minidrucke 5,7 x 8 cm\" href=\"http:\/\/www.kleinformat.info\/neu\/?page_id=56\">Minidrucke 5,7 x 8 cm<\/a><\/li>\n<\/ul>\n","protected":false},"excerpt":{"rendered":"<p>&nbsp; Die kleinformat-Motive sind in verschiedenen Gr\u00f6\u00dfen als Kunstdrucke mit oder ohne Rahmen erh\u00e4ltlich. Sie werden in der traditionsreichen Erfurter Druckerei Wittnebert im Offsetdruckverfahren hergestellt. Folgende Motivgr\u00f6\u00dfen sind erh\u00e4ltlich: Drucke 9 x 13 cm Drucke 10 x 15 cm Maxidrucke &hellip; <a class=\"readmore\" href=\"https:\/\/www.kleinformat.info\/?page_id=62\">Weiterlesen &rarr;<\/a><\/p>\n","protected":false},"author":1,"featured_media":0,"parent":0,"menu_order":2,"comment_status":"closed","ping_status":"closed","template":"","meta":{"ngg_post_thumbnail":0,"footnotes":""},"class_list":["post-62","page","type-page","status-publish","hentry"],"_links":{"self":[{"href":"https:\/\/www.kleinformat.info\/index.php?rest_route=\/wp\/v2\/pages\/62","targetHints":{"allow":["GET"]}}],"collection":[{"href":"https:\/\/www.kleinformat.info\/index.php?rest_route=\/wp\/v2\/pages"}],"about":[{"href":"https:\/\/www.kleinformat.info\/index.php?rest_route=\/wp\/v2\/types\/page"}],"author":[{"embeddable":true,"href":"https:\/\/www.kleinformat.info\/index.php?rest_route=\/wp\/v2\/users\/1"}],"replies":[{"embeddable":true,"href":"https:\/\/www.kleinformat.info\/index.php?rest_route=%2Fwp%2Fv2%2Fcomments&post=62"}],"version-history":[{"count":11,"href":"https:\/\/www.kleinformat.info\/index.php?rest_route=\/wp\/v2\/pages\/62\/revisions"}],"predecessor-version":[{"id":373,"href":"https:\/\/www.kleinformat.info\/index.php?rest_route=\/wp\/v2\/pages\/62\/revisions\/373"}],"wp:attachment":[{"href":"https:\/\/www.kleinformat.info\/index.php?rest_route=%2Fwp%2Fv2%2Fmedia&parent=62"}],"curies":[{"name":"wp","href":"https:\/\/api.w.org\/{rel}","templated":true}]}}