{"id":35,"date":"2014-05-07T23:28:20","date_gmt":"2014-05-07T21:28:20","guid":{"rendered":"http:\/\/www.kleinformat.info\/neu\/?page_id=35"},"modified":"2018-02-21T23:25:24","modified_gmt":"2018-02-21T21:25:24","slug":"buttons","status":"publish","type":"page","link":"https:\/\/www.kleinformat.info\/?page_id=35","title":{"rendered":"Magnetbuttons 4,4 x 6,8 cm"},"content":{"rendered":"<p>Die rechteckigen Magnetbuttons versch\u00f6nern Ihren K\u00fchlschrank und fixieren Ihre wichtigen Notizen.<br \/>\nPreis: 4,50 Euro, zzgl. 3,00 Euro Versandkosten. <a title=\"KONTAKT &amp; BESTELLUNG\" href=\"http:\/\/www.kleinformat.info\/neu\/?page_id=124\" target=\"_blank\" rel=\"noopener\">Bestellen &#8230;<\/a><\/p>\n\n\t\t<style type=\"text\/css\">\n\t\t\t#gallery-1 {\n\t\t\t\tmargin: auto;\n\t\t\t}\n\t\t\t#gallery-1 .gallery-item {\n\t\t\t\tfloat: left;\n\t\t\t\tmargin-top: 10px;\n\t\t\t\ttext-align: center;\n\t\t\t\twidth: 50%;\n\t\t\t}\n\t\t\t#gallery-1 img {\n\t\t\t\tborder: 2px solid #cfcfcf;\n\t\t\t}\n\t\t\t#gallery-1 .gallery-caption {\n\t\t\t\tmargin-left: 0;\n\t\t\t}\n\t\t\t\/* see gallery_shortcode() in wp-includes\/media.php *\/\n\t\t<\/style>\n\t\t<div id='gallery-1' class='gallery galleryid-35 gallery-columns-2 gallery-size-thumbnail'><dl class='gallery-item'>\n\t\t\t<dt class='gallery-icon landscape'>\n\t\t\t\t<a href='https:\/\/www.kleinformat.info\/neu\/wp-content\/uploads\/2016\/10\/kister_teekanne_bruecke_recht.png'><img loading=\"lazy\" decoding=\"async\" width=\"150\" height=\"130\" src=\"https:\/\/www.kleinformat.info\/neu\/wp-content\/uploads\/2016\/10\/kister_teekanne_bruecke_recht-150x130.png\" class=\"attachment-thumbnail size-thumbnail\" alt=\"\" aria-describedby=\"gallery-1-443\" data-copyright=\"\" data-headline=\"Teekanne mit Br\u00fccke\" data-description=\"\" \/><\/a>\n\t\t\t<\/dt>\n\t\t\t\t<dd class='wp-caption-text gallery-caption' id='gallery-1-443'>\n\t\t\t\tTeekanne mit Br\u00fccke\n\t\t\t\t<\/dd><\/dl><dl class='gallery-item'>\n\t\t\t<dt class='gallery-icon landscape'>\n\t\t\t\t<a href='https:\/\/www.kleinformat.info\/neu\/wp-content\/uploads\/2016\/10\/kister_teekanne_recht.png'><img loading=\"lazy\" decoding=\"async\" width=\"150\" height=\"130\" src=\"https:\/\/www.kleinformat.info\/neu\/wp-content\/uploads\/2016\/10\/kister_teekanne_recht-150x130.png\" class=\"attachment-thumbnail size-thumbnail\" alt=\"\" aria-describedby=\"gallery-1-444\" data-copyright=\"\" data-headline=\"Teekanne\" data-description=\"\" \/><\/a>\n\t\t\t<\/dt>\n\t\t\t\t<dd class='wp-caption-text gallery-caption' id='gallery-1-444'>\n\t\t\t\tTeekanne\n\t\t\t\t<\/dd><\/dl><br style=\"clear: both\" \/><dl class='gallery-item'>\n\t\t\t<dt class='gallery-icon landscape'>\n\t\t\t\t<a href='https:\/\/www.kleinformat.info\/neu\/wp-content\/uploads\/2016\/10\/kister_bruecke_schirme_button_recht.png'><img loading=\"lazy\" decoding=\"async\" width=\"150\" height=\"130\" src=\"https:\/\/www.kleinformat.info\/neu\/wp-content\/uploads\/2016\/10\/kister_bruecke_schirme_button_recht-150x130.png\" class=\"attachment-thumbnail size-thumbnail\" alt=\"\" aria-describedby=\"gallery-1-446\" data-copyright=\"\" data-headline=\"Kr\u00e4merbr\u00fccke mit Schirmen\" data-description=\"\" \/><\/a>\n\t\t\t<\/dt>\n\t\t\t\t<dd class='wp-caption-text gallery-caption' id='gallery-1-446'>\n\t\t\t\tKr\u00e4merbr\u00fccke mit Schirmen\n\t\t\t\t<\/dd><\/dl><dl class='gallery-item'>\n\t\t\t<dt class='gallery-icon portrait'>\n\t\t\t\t<a href='https:\/\/www.kleinformat.info\/neu\/wp-content\/uploads\/2014\/05\/kister_bruecke_winter_button_recht.jpg'><img loading=\"lazy\" decoding=\"async\" width=\"129\" height=\"150\" src=\"https:\/\/www.kleinformat.info\/neu\/wp-content\/uploads\/2014\/05\/kister_bruecke_winter_button_recht-129x150.jpg\" class=\"attachment-thumbnail size-thumbnail\" alt=\"\" aria-describedby=\"gallery-1-200\" data-copyright=\"\" data-headline=\"Kr\u00e4merbr\u00fccke im Winter\" data-description=\"\" \/><\/a>\n\t\t\t<\/dt>\n\t\t\t\t<dd class='wp-caption-text gallery-caption' id='gallery-1-200'>\n\t\t\t\tKr\u00e4merbr\u00fccke im Winter\n\t\t\t\t<\/dd><\/dl><br style=\"clear: both\" \/><dl class='gallery-item'>\n\t\t\t<dt class='gallery-icon landscape'>\n\t\t\t\t<a href='https:\/\/www.kleinformat.info\/neu\/wp-content\/uploads\/2014\/05\/kister_bruecke_nacht_button_recht.jpg'><img loading=\"lazy\" decoding=\"async\" width=\"150\" height=\"127\" src=\"https:\/\/www.kleinformat.info\/neu\/wp-content\/uploads\/2014\/05\/kister_bruecke_nacht_button_recht-150x127.jpg\" class=\"attachment-thumbnail size-thumbnail\" alt=\"\" aria-describedby=\"gallery-1-195\" data-copyright=\"\" data-headline=\"Kr\u00e4merbr\u00fccke bei Nacht\" data-description=\"\" \/><\/a>\n\t\t\t<\/dt>\n\t\t\t\t<dd class='wp-caption-text gallery-caption' id='gallery-1-195'>\n\t\t\t\tKr\u00e4merbr\u00fccke bei Nacht\n\t\t\t\t<\/dd><\/dl><dl class='gallery-item'>\n\t\t\t<dt class='gallery-icon landscape'>\n\t\t\t\t<a href='https:\/\/www.kleinformat.info\/neu\/wp-content\/uploads\/2014\/05\/kister_bruecke_tag_button_recht.jpg'><img loading=\"lazy\" decoding=\"async\" width=\"150\" height=\"129\" src=\"https:\/\/www.kleinformat.info\/neu\/wp-content\/uploads\/2014\/05\/kister_bruecke_tag_button_recht-150x129.jpg\" class=\"attachment-thumbnail size-thumbnail\" alt=\"\" aria-describedby=\"gallery-1-198\" data-copyright=\"\" data-headline=\"Kr\u00e4merbr\u00fccke bei Tag\" data-description=\"\" \/><\/a>\n\t\t\t<\/dt>\n\t\t\t\t<dd class='wp-caption-text gallery-caption' id='gallery-1-198'>\n\t\t\t\tKr\u00e4merbr\u00fccke bei Tag\n\t\t\t\t<\/dd><\/dl><br style=\"clear: both\" \/><dl class='gallery-item'>\n\t\t\t<dt class='gallery-icon portrait'>\n\t\t\t\t<a href='https:\/\/www.kleinformat.info\/neu\/wp-content\/uploads\/2014\/05\/kister_bruecke_sommer_button_recht.jpg'><img loading=\"lazy\" decoding=\"async\" width=\"129\" height=\"150\" src=\"https:\/\/www.kleinformat.info\/neu\/wp-content\/uploads\/2014\/05\/kister_bruecke_sommer_button_recht-129x150.jpg\" class=\"attachment-thumbnail size-thumbnail\" alt=\"\" aria-describedby=\"gallery-1-197\" data-copyright=\"\" data-headline=\"Kr\u00e4merbr\u00fccke im Sommer\" data-description=\"\" \/><\/a>\n\t\t\t<\/dt>\n\t\t\t\t<dd class='wp-caption-text gallery-caption' id='gallery-1-197'>\n\t\t\t\tKr\u00e4merbr\u00fccke im Sommer\n\t\t\t\t<\/dd><\/dl><dl class='gallery-item'>\n\t\t\t<dt class='gallery-icon landscape'>\n\t\t\t\t<a href='https:\/\/www.kleinformat.info\/neu\/wp-content\/uploads\/2014\/05\/kister_bruecke_herbst_button_recht.jpg'><img loading=\"lazy\" decoding=\"async\" width=\"150\" height=\"126\" src=\"https:\/\/www.kleinformat.info\/neu\/wp-content\/uploads\/2014\/05\/kister_bruecke_herbst_button_recht-150x126.jpg\" class=\"attachment-thumbnail size-thumbnail\" alt=\"\" aria-describedby=\"gallery-1-194\" data-copyright=\"\" data-headline=\"Kr\u00e4merbr\u00fccke im Herbst\" data-description=\"\" \/><\/a>\n\t\t\t<\/dt>\n\t\t\t\t<dd class='wp-caption-text gallery-caption' id='gallery-1-194'>\n\t\t\t\tKr\u00e4merbr\u00fccke im Herbst\n\t\t\t\t<\/dd><\/dl><br style=\"clear: both\" \/><dl class='gallery-item'>\n\t\t\t<dt class='gallery-icon landscape'>\n\t\t\t\t<a href='https:\/\/www.kleinformat.info\/neu\/wp-content\/uploads\/2014\/05\/kister_brueckenkater_button_recht.jpg'><img loading=\"lazy\" decoding=\"async\" width=\"150\" height=\"129\" src=\"https:\/\/www.kleinformat.info\/neu\/wp-content\/uploads\/2014\/05\/kister_brueckenkater_button_recht-150x129.jpg\" class=\"attachment-thumbnail size-thumbnail\" alt=\"\" aria-describedby=\"gallery-1-202\" data-copyright=\"\" data-headline=\"Kr\u00e4merbr\u00fcckenkater\" data-description=\"\" \/><\/a>\n\t\t\t<\/dt>\n\t\t\t\t<dd class='wp-caption-text gallery-caption' id='gallery-1-202'>\n\t\t\t\tKr\u00e4merbr\u00fcckenkater\n\t\t\t\t<\/dd><\/dl><dl class='gallery-item'>\n\t\t\t<dt class='gallery-icon landscape'>\n\t\t\t\t<a href='https:\/\/www.kleinformat.info\/neu\/wp-content\/uploads\/2014\/05\/kister_bruecke_fruehling_button_recht.jpg'><img loading=\"lazy\" decoding=\"async\" width=\"150\" height=\"128\" src=\"https:\/\/www.kleinformat.info\/neu\/wp-content\/uploads\/2014\/05\/kister_bruecke_fruehling_button_recht-150x128.jpg\" class=\"attachment-thumbnail size-thumbnail\" alt=\"\" aria-describedby=\"gallery-1-193\" data-copyright=\"\" data-headline=\"Kr\u00e4merbr\u00fccke im Fr\u00fchling\" data-description=\"\" \/><\/a>\n\t\t\t<\/dt>\n\t\t\t\t<dd class='wp-caption-text gallery-caption' id='gallery-1-193'>\n\t\t\t\tKr\u00e4merbr\u00fccke im Fr\u00fchling\n\t\t\t\t<\/dd><\/dl><br style=\"clear: both\" \/><dl class='gallery-item'>\n\t\t\t<dt class='gallery-icon landscape'>\n\t\t\t\t<a href='https:\/\/www.kleinformat.info\/neu\/wp-content\/uploads\/2014\/05\/kister_siesta_button_recht.jpg'><img loading=\"lazy\" decoding=\"async\" width=\"150\" height=\"131\" src=\"https:\/\/www.kleinformat.info\/neu\/wp-content\/uploads\/2014\/05\/kister_siesta_button_recht-150x131.jpg\" class=\"attachment-thumbnail size-thumbnail\" alt=\"\" aria-describedby=\"gallery-1-225\" data-copyright=\"\" data-headline=\"Siesta\" data-description=\"\" \/><\/a>\n\t\t\t<\/dt>\n\t\t\t\t<dd class='wp-caption-text gallery-caption' id='gallery-1-225'>\n\t\t\t\tSiesta\n\t\t\t\t<\/dd><\/dl><dl class='gallery-item'>\n\t\t\t<dt class='gallery-icon portrait'>\n\t\t\t\t<a href='https:\/\/www.kleinformat.info\/neu\/wp-content\/uploads\/2014\/05\/kister_eule_button_recht.jpg'><img loading=\"lazy\" decoding=\"async\" width=\"129\" height=\"150\" src=\"https:\/\/www.kleinformat.info\/neu\/wp-content\/uploads\/2014\/05\/kister_eule_button_recht-129x150.jpg\" class=\"attachment-thumbnail size-thumbnail\" alt=\"\" aria-describedby=\"gallery-1-204\" data-copyright=\"\" data-headline=\"Eule\" data-description=\"\" \/><\/a>\n\t\t\t<\/dt>\n\t\t\t\t<dd class='wp-caption-text gallery-caption' id='gallery-1-204'>\n\t\t\t\tEule\n\t\t\t\t<\/dd><\/dl><br style=\"clear: both\" \/><dl class='gallery-item'>\n\t\t\t<dt class='gallery-icon landscape'>\n\t\t\t\t<a href='https:\/\/www.kleinformat.info\/neu\/wp-content\/uploads\/2014\/05\/kister_igel_button_recht.jpg'><img loading=\"lazy\" decoding=\"async\" width=\"150\" height=\"130\" src=\"https:\/\/www.kleinformat.info\/neu\/wp-content\/uploads\/2014\/05\/kister_igel_button_recht-150x130.jpg\" class=\"attachment-thumbnail size-thumbnail\" alt=\"\" aria-describedby=\"gallery-1-209\" data-copyright=\"\" data-headline=\"Apfelernte\" data-description=\"\" \/><\/a>\n\t\t\t<\/dt>\n\t\t\t\t<dd class='wp-caption-text gallery-caption' id='gallery-1-209'>\n\t\t\t\tApfelernte\n\t\t\t\t<\/dd><\/dl><dl class='gallery-item'>\n\t\t\t<dt class='gallery-icon portrait'>\n\t\t\t\t<a href='https:\/\/www.kleinformat.info\/neu\/wp-content\/uploads\/2016\/10\/kister_zwei_schafe_button_recht.png'><img loading=\"lazy\" decoding=\"async\" width=\"132\" height=\"150\" src=\"https:\/\/www.kleinformat.info\/neu\/wp-content\/uploads\/2016\/10\/kister_zwei_schafe_button_recht-132x150.png\" class=\"attachment-thumbnail size-thumbnail\" alt=\"\" aria-describedby=\"gallery-1-442\" data-copyright=\"\" data-headline=\"Zwei Schafe\" data-description=\"\" \/><\/a>\n\t\t\t<\/dt>\n\t\t\t\t<dd class='wp-caption-text gallery-caption' id='gallery-1-442'>\n\t\t\t\tZwei Schafe\n\t\t\t\t<\/dd><\/dl><br style=\"clear: both\" \/><dl class='gallery-item'>\n\t\t\t<dt class='gallery-icon landscape'>\n\t\t\t\t<a href='https:\/\/www.kleinformat.info\/neu\/wp-content\/uploads\/2016\/10\/kister_erdbeermaus_button_recht.png'><img loading=\"lazy\" decoding=\"async\" width=\"150\" height=\"128\" src=\"https:\/\/www.kleinformat.info\/neu\/wp-content\/uploads\/2016\/10\/kister_erdbeermaus_button_recht-150x128.png\" class=\"attachment-thumbnail size-thumbnail\" alt=\"\" aria-describedby=\"gallery-1-445\" data-copyright=\"\" data-headline=\"Erdbeermaus\" data-description=\"\" \/><\/a>\n\t\t\t<\/dt>\n\t\t\t\t<dd class='wp-caption-text gallery-caption' id='gallery-1-445'>\n\t\t\t\tErdbeermaus\n\t\t\t\t<\/dd><\/dl><dl class='gallery-item'>\n\t\t\t<dt class='gallery-icon landscape'>\n\t\t\t\t<a href='https:\/\/www.kleinformat.info\/neu\/wp-content\/uploads\/2014\/05\/kister_schlafschaf_button_recht.jpg'><img loading=\"lazy\" decoding=\"async\" width=\"150\" height=\"126\" src=\"https:\/\/www.kleinformat.info\/neu\/wp-content\/uploads\/2014\/05\/kister_schlafschaf_button_recht-150x126.jpg\" class=\"attachment-thumbnail size-thumbnail\" alt=\"\" aria-describedby=\"gallery-1-220\" data-copyright=\"\" data-headline=\"Schlafschaf\" data-description=\"\" \/><\/a>\n\t\t\t<\/dt>\n\t\t\t\t<dd class='wp-caption-text gallery-caption' id='gallery-1-220'>\n\t\t\t\tSchlafschaf\n\t\t\t\t<\/dd><\/dl><br style=\"clear: both\" \/><dl class='gallery-item'>\n\t\t\t<dt class='gallery-icon portrait'>\n\t\t\t\t<a href='https:\/\/www.kleinformat.info\/neu\/wp-content\/uploads\/2016\/10\/kister_spatz_button_recht.png'><img loading=\"lazy\" decoding=\"async\" width=\"128\" height=\"150\" src=\"https:\/\/www.kleinformat.info\/neu\/wp-content\/uploads\/2016\/10\/kister_spatz_button_recht-128x150.png\" class=\"attachment-thumbnail size-thumbnail\" alt=\"\" aria-describedby=\"gallery-1-447\" data-copyright=\"\" data-headline=\"Spatz im Winter\" data-description=\"\" \/><\/a>\n\t\t\t<\/dt>\n\t\t\t\t<dd class='wp-caption-text gallery-caption' id='gallery-1-447'>\n\t\t\t\tSpatz im Winter\n\t\t\t\t<\/dd><\/dl><dl class='gallery-item'>\n\t\t\t<dt class='gallery-icon portrait'>\n\t\t\t\t<a href='https:\/\/www.kleinformat.info\/neu\/wp-content\/uploads\/2014\/05\/kister_regenrabe_button_recht.jpg'><img loading=\"lazy\" decoding=\"async\" width=\"128\" height=\"150\" src=\"https:\/\/www.kleinformat.info\/neu\/wp-content\/uploads\/2014\/05\/kister_regenrabe_button_recht-128x150.jpg\" class=\"attachment-thumbnail size-thumbnail\" alt=\"\" aria-describedby=\"gallery-1-216\" data-copyright=\"\" data-headline=\"Regenrabe\" data-description=\"\" \/><\/a>\n\t\t\t<\/dt>\n\t\t\t\t<dd class='wp-caption-text gallery-caption' id='gallery-1-216'>\n\t\t\t\tRegenrabe\n\t\t\t\t<\/dd><\/dl><br style=\"clear: both\" \/><dl class='gallery-item'>\n\t\t\t<dt class='gallery-icon landscape'>\n\t\t\t\t<a href='https:\/\/www.kleinformat.info\/neu\/wp-content\/uploads\/2014\/05\/kister_zauberschnecke_button_recht.jpg'><img loading=\"lazy\" decoding=\"async\" width=\"150\" height=\"128\" src=\"https:\/\/www.kleinformat.info\/neu\/wp-content\/uploads\/2014\/05\/kister_zauberschnecke_button_recht-150x128.jpg\" class=\"attachment-thumbnail size-thumbnail\" alt=\"\" aria-describedby=\"gallery-1-228\" data-copyright=\"\" data-headline=\"Zauberschnecke\" data-description=\"\" \/><\/a>\n\t\t\t<\/dt>\n\t\t\t\t<dd class='wp-caption-text gallery-caption' id='gallery-1-228'>\n\t\t\t\tZauberschnecke\n\t\t\t\t<\/dd><\/dl><dl class='gallery-item'>\n\t\t\t<dt class='gallery-icon landscape'>\n\t\t\t\t<a href='https:\/\/www.kleinformat.info\/neu\/wp-content\/uploads\/2014\/05\/kister_kuh_button_recht.jpg'><img loading=\"lazy\" decoding=\"async\" width=\"150\" height=\"127\" src=\"https:\/\/www.kleinformat.info\/neu\/wp-content\/uploads\/2014\/05\/kister_kuh_button_recht-150x127.jpg\" class=\"attachment-thumbnail size-thumbnail\" alt=\"\" aria-describedby=\"gallery-1-211\" data-copyright=\"\" data-headline=\"Windm\u00fchle\" data-description=\"\" \/><\/a>\n\t\t\t<\/dt>\n\t\t\t\t<dd class='wp-caption-text gallery-caption' id='gallery-1-211'>\n\t\t\t\tWindm\u00fchle\n\t\t\t\t<\/dd><\/dl><br style=\"clear: both\" \/><dl class='gallery-item'>\n\t\t\t<dt class='gallery-icon portrait'>\n\t\t\t\t<a href='https:\/\/www.kleinformat.info\/neu\/wp-content\/uploads\/2014\/05\/kister_giraffe_button_recht.jpg'><img loading=\"lazy\" decoding=\"async\" width=\"128\" height=\"150\" src=\"https:\/\/www.kleinformat.info\/neu\/wp-content\/uploads\/2014\/05\/kister_giraffe_button_recht-128x150.jpg\" class=\"attachment-thumbnail size-thumbnail\" alt=\"\" aria-describedby=\"gallery-1-208\" data-copyright=\"\" data-headline=\"Giraffe und Maus\" data-description=\"\" \/><\/a>\n\t\t\t<\/dt>\n\t\t\t\t<dd class='wp-caption-text gallery-caption' id='gallery-1-208'>\n\t\t\t\tGiraffe und Maus\n\t\t\t\t<\/dd><\/dl>\n\t\t\t<br style='clear: both' \/>\n\t\t<\/div>\n\n","protected":false},"excerpt":{"rendered":"<p>Die rechteckigen Magnetbuttons versch\u00f6nern Ihren K\u00fchlschrank und fixieren Ihre wichtigen Notizen. Preis: 4,50 Euro, zzgl. 3,00 Euro Versandkosten. Bestellen &#8230;<\/p>\n","protected":false},"author":1,"featured_media":0,"parent":70,"menu_order":0,"comment_status":"closed","ping_status":"closed","template":"","meta":{"ngg_post_thumbnail":0,"footnotes":""},"class_list":["post-35","page","type-page","status-publish","hentry"],"_links":{"self":[{"href":"https:\/\/www.kleinformat.info\/index.php?rest_route=\/wp\/v2\/pages\/35","targetHints":{"allow":["GET"]}}],"collection":[{"href":"https:\/\/www.kleinformat.info\/index.php?rest_route=\/wp\/v2\/pages"}],"about":[{"href":"https:\/\/www.kleinformat.info\/index.php?rest_route=\/wp\/v2\/types\/page"}],"author":[{"embeddable":true,"href":"https:\/\/www.kleinformat.info\/index.php?rest_route=\/wp\/v2\/users\/1"}],"replies":[{"embeddable":true,"href":"https:\/\/www.kleinformat.info\/index.php?rest_route=%2Fwp%2Fv2%2Fcomments&post=35"}],"version-history":[{"count":13,"href":"https:\/\/www.kleinformat.info\/index.php?rest_route=\/wp\/v2\/pages\/35\/revisions"}],"predecessor-version":[{"id":239,"href":"https:\/\/www.kleinformat.info\/index.php?rest_route=\/wp\/v2\/pages\/35\/revisions\/239"}],"up":[{"embeddable":true,"href":"https:\/\/www.kleinformat.info\/index.php?rest_route=\/wp\/v2\/pages\/70"}],"wp:attachment":[{"href":"https:\/\/www.kleinformat.info\/index.php?rest_route=%2Fwp%2Fv2%2Fmedia&parent=35"}],"curies":[{"name":"wp","href":"https:\/\/api.w.org\/{rel}","templated":true}]}}